{"id":595,"date":"2021-06-10T10:46:39","date_gmt":"2021-06-10T13:46:39","guid":{"rendered":"http:\/\/localhost\/wgt\/produtos\/cftv-copy\/"},"modified":"2021-06-23T14:36:10","modified_gmt":"2021-06-23T17:36:10","slug":"hospedagem","status":"publish","type":"page","link":"https:\/\/www.wgt.net.br\/novosite\/produtos\/hospedagem\/","title":{"rendered":"Hospedagem"},"content":{"rendered":"\t\t<div data-elementor-type=\"wp-page\" data-elementor-id=\"595\" class=\"elementor elementor-595\" data-elementor-settings=\"[]\">\n\t\t\t\t\t\t<div class=\"elementor-inner\">\n\t\t\t\t\t\t\t<div class=\"elementor-section-wrap\">\n\t\t\t\t\t\t\t<section class=\"elementor-section elementor-top-section elementor-element elementor-element-fb86a3e elementor-section-height-min-height elementor-section-boxed elementor-section-height-default elementor-section-items-middle\" data-id=\"fb86a3e\" data-element_type=\"section\" data-settings=\"{&quot;background_background&quot;:&quot;classic&quot;}\">\n\t\t\t\t\t\t\t<div class=\"elementor-background-overlay\"><\/div>\n\t\t\t\t\t\t\t<div class=\"elementor-container elementor-column-gap-narrow\">\n\t\t\t\t\t\t\t<div class=\"elementor-row\">\n\t\t\t\t\t<div class=\"elementor-column elementor-col-100 elementor-top-column elementor-element elementor-element-431cf7a\" data-id=\"431cf7a\" data-element_type=\"column\">\n\t\t\t<div class=\"elementor-column-wrap elementor-element-populated\">\n\t\t\t\t\t\t\t<div class=\"elementor-widget-wrap\">\n\t\t\t\t\t\t<div class=\"elementor-element elementor-element-85c38d9 elementor-widget elementor-widget-heading\" data-id=\"85c38d9\" data-element_type=\"widget\" data-widget_type=\"heading.default\">\n\t\t\t\t<div class=\"elementor-widget-container\">\n\t\t\t<h2 class=\"elementor-heading-title elementor-size-default\">HOSPEDAGENS<\/h2>\t\t<\/div>\n\t\t\t\t<\/div>\n\t\t\t\t<div class=\"elementor-element elementor-element-f4bed45 elementor-align-center elementor-widget elementor-widget-button\" data-id=\"f4bed45\" data-element_type=\"widget\" data-widget_type=\"button.default\">\n\t\t\t\t<div class=\"elementor-widget-container\">\n\t\t\t\t\t<div class=\"elementor-button-wrapper\">\n\t\t\t<a href=\"https:\/\/www.wgt.net.br\/novosite\/contato\/\" class=\"elementor-button-link elementor-button elementor-size-sm elementor-animation-grow\" role=\"button\">\n\t\t\t\t\t\t<span class=\"elementor-button-content-wrapper\">\n\t\t\t\t\t\t<span class=\"elementor-button-text\">CONTRATE<\/span>\n\t\t<\/span>\n\t\t\t\t\t<\/a>\n\t\t<\/div>\n\t\t\t\t<\/div>\n\t\t\t\t<\/div>\n\t\t\t\t\t\t<\/div>\n\t\t\t\t\t<\/div>\n\t\t<\/div>\n\t\t\t\t\t\t\t\t<\/div>\n\t\t\t\t\t<\/div>\n\t\t<\/section>\n\t\t\t\t<section class=\"elementor-section elementor-top-section elementor-element elementor-element-ca6fac6 elementor-section-stretched elementor-section-boxed elementor-section-height-default elementor-section-height-default\" data-id=\"ca6fac6\" data-element_type=\"section\" data-settings=\"{&quot;stretch_section&quot;:&quot;section-stretched&quot;}\">\n\t\t\t\t\t\t<div class=\"elementor-container elementor-column-gap-default\">\n\t\t\t\t\t\t\t<div class=\"elementor-row\">\n\t\t\t\t\t<div class=\"elementor-column elementor-col-100 elementor-top-column elementor-element elementor-element-00e4356\" data-id=\"00e4356\" data-element_type=\"column\">\n\t\t\t<div class=\"elementor-column-wrap elementor-element-populated\">\n\t\t\t\t\t\t\t<div class=\"elementor-widget-wrap\">\n\t\t\t\t\t\t<div class=\"elementor-element elementor-element-37f6633 elementor-widget elementor-widget-text-editor\" data-id=\"37f6633\" data-element_type=\"widget\" data-widget_type=\"text-editor.default\">\n\t\t\t\t<div class=\"elementor-widget-container\">\n\t\t\t\t\t\t\t\t<div class=\"elementor-text-editor elementor-clearfix\">\n\t\t\t\t\t<span style=\"color: #000000;\">WGT OFERECE<\/span> <strong>SOLU\u00c7\u00d5ES COMPLETAS<\/strong> <span style=\"color: #000000;\">DE HOSPEDAGENS DE SITES<\/span>\t\t\t\t\t<\/div>\n\t\t\t\t\t\t<\/div>\n\t\t\t\t<\/div>\n\t\t\t\t<div class=\"elementor-element elementor-element-bcf1b78 elementor-widget elementor-widget-text-editor\" data-id=\"bcf1b78\" data-element_type=\"widget\" data-widget_type=\"text-editor.default\">\n\t\t\t\t<div class=\"elementor-widget-container\">\n\t\t\t\t\t\t\t\t<div class=\"elementor-text-editor elementor-clearfix\">\n\t\t\t\t\t<p>Seu neg\u00f3cio online com a WGT.<\/p>\t\t\t\t\t<\/div>\n\t\t\t\t\t\t<\/div>\n\t\t\t\t<\/div>\n\t\t\t\t<div class=\"elementor-element elementor-element-7691d7e elementor-widget-divider--view-line elementor-widget elementor-widget-divider\" data-id=\"7691d7e\" data-element_type=\"widget\" data-widget_type=\"divider.default\">\n\t\t\t\t<div class=\"elementor-widget-container\">\n\t\t\t\t\t<div class=\"elementor-divider\">\n\t\t\t<span class=\"elementor-divider-separator\">\n\t\t\t\t\t\t<\/span>\n\t\t<\/div>\n\t\t\t\t<\/div>\n\t\t\t\t<\/div>\n\t\t\t\t\t\t<\/div>\n\t\t\t\t\t<\/div>\n\t\t<\/div>\n\t\t\t\t\t\t\t\t<\/div>\n\t\t\t\t\t<\/div>\n\t\t<\/section>\n\t\t\t\t<section class=\"elementor-section elementor-top-section elementor-element elementor-element-11b05c5 elementor-section-height-min-height elementor-section-stretched elementor-section-boxed elementor-section-height-default elementor-section-items-middle\" data-id=\"11b05c5\" data-element_type=\"section\" data-settings=\"{&quot;stretch_section&quot;:&quot;section-stretched&quot;}\">\n\t\t\t\t\t\t<div class=\"elementor-container elementor-column-gap-default\">\n\t\t\t\t\t\t\t<div class=\"elementor-row\">\n\t\t\t\t\t<div class=\"elementor-column elementor-col-50 elementor-top-column elementor-element elementor-element-884bcc3\" data-id=\"884bcc3\" data-element_type=\"column\">\n\t\t\t<div class=\"elementor-column-wrap elementor-element-populated\">\n\t\t\t\t\t\t\t<div class=\"elementor-widget-wrap\">\n\t\t\t\t\t\t<div class=\"elementor-element elementor-element-788efac elementor-widget elementor-widget-heading\" data-id=\"788efac\" data-element_type=\"widget\" data-widget_type=\"heading.default\">\n\t\t\t\t<div class=\"elementor-widget-container\">\n\t\t\t<h2 class=\"elementor-heading-title elementor-size-default\">Hospedagem de Sites<\/h2>\t\t<\/div>\n\t\t\t\t<\/div>\n\t\t\t\t<div class=\"elementor-element elementor-element-64263d8 elementor-widget elementor-widget-text-editor\" data-id=\"64263d8\" data-element_type=\"widget\" data-widget_type=\"text-editor.default\">\n\t\t\t\t<div class=\"elementor-widget-container\">\n\t\t\t\t\t\t\t\t<div class=\"elementor-text-editor elementor-clearfix\">\n\t\t\t\t\t<p>Hospedagem de site \u00e9 o servi\u00e7o de armazenamento de um site e disponibiliza\u00e7\u00e3o constante do mesmo na internet, ou seja, o servi\u00e7o de hospedagem possibilitar\u00e1 que seu site seja visualizado 24h por dia em todo o mundo.<\/p><p>Quando voc\u00ea faz um site e quer que outras pessoas possam v\u00ea-lo, voc\u00ea ter\u00e1 que publicar seu site atrav\u00e9s de um servi\u00e7o de hospedagem de sites.<\/p><p>Os planos de hospedagem permitir\u00e3o ainda que voc\u00ea utilize e-mails personalizados com seu nome e dom\u00ednio (Ex: seu_nome@seu-negocio.com.br). Outros servi\u00e7os podem ainda estar associados com seu plano de hospedagem, como: banco de dados, estat\u00edsticas de acesso, entre diversos outros.<\/p>\t\t\t\t\t<\/div>\n\t\t\t\t\t\t<\/div>\n\t\t\t\t<\/div>\n\t\t\t\t<div class=\"elementor-element elementor-element-1249648 elementor-align-left elementor-mobile-align-center elementor-widget elementor-widget-button\" data-id=\"1249648\" data-element_type=\"widget\" data-widget_type=\"button.default\">\n\t\t\t\t<div class=\"elementor-widget-container\">\n\t\t\t\t\t<div class=\"elementor-button-wrapper\">\n\t\t\t<a href=\"https:\/\/www.wgt.net.br\/novosite\/contato\/\" class=\"elementor-button-link elementor-button elementor-size-sm elementor-animation-grow\" role=\"button\">\n\t\t\t\t\t\t<span class=\"elementor-button-content-wrapper\">\n\t\t\t\t\t\t<span class=\"elementor-button-text\">CONTRATE AGORA<\/span>\n\t\t<\/span>\n\t\t\t\t\t<\/a>\n\t\t<\/div>\n\t\t\t\t<\/div>\n\t\t\t\t<\/div>\n\t\t\t\t\t\t<\/div>\n\t\t\t\t\t<\/div>\n\t\t<\/div>\n\t\t\t\t<div class=\"elementor-column elementor-col-50 elementor-top-column elementor-element elementor-element-136ebf1\" data-id=\"136ebf1\" data-element_type=\"column\">\n\t\t\t<div class=\"elementor-column-wrap elementor-element-populated\">\n\t\t\t\t\t\t\t<div class=\"elementor-widget-wrap\">\n\t\t\t\t\t\t<div class=\"elementor-element elementor-element-6d8679e elementor-widget elementor-widget-image\" data-id=\"6d8679e\" data-element_type=\"widget\" data-widget_type=\"image.default\">\n\t\t\t\t<div class=\"elementor-widget-container\">\n\t\t\t\t\t\t\t\t<div class=\"elementor-image\">\n\t\t\t\t\t\t\t\t\t\t\t\t<img width=\"525\" height=\"315\" src=\"https:\/\/www.wgt.net.br\/novosite\/wp-content\/uploads\/2021\/06\/por-que-manter-a-hospedagem-do-site-e-do-e-mail-separados_.png\" class=\"attachment-large size-large\" alt=\"\" decoding=\"async\" loading=\"lazy\" srcset=\"https:\/\/www.wgt.net.br\/novosite\/wp-content\/uploads\/2021\/06\/por-que-manter-a-hospedagem-do-site-e-do-e-mail-separados_.png 1000w, https:\/\/www.wgt.net.br\/novosite\/wp-content\/uploads\/2021\/06\/por-que-manter-a-hospedagem-do-site-e-do-e-mail-separados_-300x180.png 300w, https:\/\/www.wgt.net.br\/novosite\/wp-content\/uploads\/2021\/06\/por-que-manter-a-hospedagem-do-site-e-do-e-mail-separados_-768x461.png 768w\" sizes=\"100vw\" \/>\t\t\t\t\t\t\t\t\t\t\t\t\t\t<\/div>\n\t\t\t\t\t\t<\/div>\n\t\t\t\t<\/div>\n\t\t\t\t\t\t<\/div>\n\t\t\t\t\t<\/div>\n\t\t<\/div>\n\t\t\t\t\t\t\t\t<\/div>\n\t\t\t\t\t<\/div>\n\t\t<\/section>\n\t\t\t\t\t\t<\/div>\n\t\t\t\t\t\t<\/div>\n\t\t\t\t\t<\/div>\n\t\t","protected":false},"excerpt":{"rendered":"<p>HOSPEDAGENS CONTRATE WGT OFERECE SOLU\u00c7\u00d5ES COMPLETAS DE HOSPEDAGENS DE SITES Seu neg\u00f3cio online com a WGT. Hospedagem de Sites Hospedagem de site \u00e9 o servi\u00e7o de armazenamento de um site e disponibiliza\u00e7\u00e3o constante do mesmo na internet, ou seja, o servi\u00e7o de hospedagem possibilitar\u00e1 que seu site seja visualizado 24h por dia em todo o &hellip; <\/p>\n<p class=\"link-more\"><a href=\"https:\/\/www.wgt.net.br\/novosite\/produtos\/hospedagem\/\" class=\"more-link\">Continue lendo<span class=\"screen-reader-text\"> &#8220;Hospedagem&#8221;<\/span><\/a><\/p>\n","protected":false},"author":2,"featured_media":0,"parent":299,"menu_order":0,"comment_status":"closed","ping_status":"closed","template":"elementor_header_footer","meta":{"spay_email":""},"_links":{"self":[{"href":"https:\/\/www.wgt.net.br\/novosite\/wp-json\/wp\/v2\/pages\/595"}],"collection":[{"href":"https:\/\/www.wgt.net.br\/novosite\/wp-json\/wp\/v2\/pages"}],"about":[{"href":"https:\/\/www.wgt.net.br\/novosite\/wp-json\/wp\/v2\/types\/page"}],"author":[{"embeddable":true,"href":"https:\/\/www.wgt.net.br\/novosite\/wp-json\/wp\/v2\/users\/2"}],"replies":[{"embeddable":true,"href":"https:\/\/www.wgt.net.br\/novosite\/wp-json\/wp\/v2\/comments?post=595"}],"version-history":[{"count":18,"href":"https:\/\/www.wgt.net.br\/novosite\/wp-json\/wp\/v2\/pages\/595\/revisions"}],"predecessor-version":[{"id":3162,"href":"https:\/\/www.wgt.net.br\/novosite\/wp-json\/wp\/v2\/pages\/595\/revisions\/3162"}],"up":[{"embeddable":true,"href":"https:\/\/www.wgt.net.br\/novosite\/wp-json\/wp\/v2\/pages\/299"}],"wp:attachment":[{"href":"https:\/\/www.wgt.net.br\/novosite\/wp-json\/wp\/v2\/media?parent=595"}],"curies":[{"name":"wp","href":"https:\/\/api.w.org\/{rel}","templated":true}]}}